{"id":1349,"date":"2023-04-07T06:41:06","date_gmt":"2023-04-07T03:41:06","guid":{"rendered":"https:\/\/wp.krastogidas.lt\/?page_id=1349"},"modified":"2025-10-17T14:13:55","modified_gmt":"2025-10-17T11:13:55","slug":"datenschutzrichtlinie","status":"publish","type":"page","link":"https:\/\/wp.krastogidas.lt\/de\/datenschutzrichtlinie\/","title":{"rendered":"Datenschutzrichtlinie"},"content":{"rendered":"<h2 style=\"text-align: center\">ALLGEMEINE INFORMATIONEN<\/h2>\n<p>Diese Datenschutzrichtlinie definiert <span data-olk-copy-source=\"MessageBody\">\u00d6ffentliche &#8211; Ieva &#8211; Simonaityte &#8211; Kreisbibliothek &#8211; Klaip\u0117da<\/span>, den Code der juristischen Person 90758095, die eingetragene Firmenadresse Herkaus Manto str. 25, Klaip\u0117da, Litauen, die E-Mail-Adresse biblioteka@klavb.lt (im Folgenden \u201eDatenverantwortlicher\u201c oder \u201eManager\u201c) und die Website <a href=\"https:\/\/krastogidas.lt\">https:\/\/krastogidas.lt\/<\/a> Besucher und die Bedingungen f\u00fcr die Verarbeitung personenbezogener Daten anderer betroffener Personen, das Verfahren zur Umsetzung der Rechte betroffener Personen im Zusammenhang mit der Verarbeitung personenbezogener Daten.<\/p>\n<p>Der Administrator kann die Datenschutzrichtlinie jederzeit \u00fcberpr\u00fcfen und \u00e4ndern. Wir empfehlen Ihnen daher, regelm\u00e4\u00dfig zu \u00fcberpr\u00fcfen, ob Sie mit der aktuellen Version der Datenschutzrichtlinie vertraut sind. Das Ver\u00f6ffentlichungsdatum der aktuellen Version der Datenschutzerkl\u00e4rung finden Sie im oberen Teil dieser Webseite.<\/p>\n<p>Die personenbezogenen Daten der Website-Besucher werden in \u00dcbereinstimmung mit den geltenden Gesetzen und unter Gew\u00e4hrleistung angemessener technischer und organisatorischer Ma\u00dfnahmen zum Schutz personenbezogener Daten verarbeitet.<\/p>\n<p>Der Verantwortliche verwendet die von Ihnen bereitgestellten oder vom Verantwortlichen mit Ihrer Einwilligung erhobenen personenbezogenen Daten nur f\u00fcr die in der Datenschutzerkl\u00e4rung genannten Zwecke. Ihre personenbezogenen Daten werden an die Datenverarbeiter des Verantwortlichen \u00fcbermittelt, die Website-Hosting- und Wartungsdienste anbieten. In den gesetzlich vorgesehenen F\u00e4llen kann es zu einer \u00dcbermittlung Ihrer Daten an zust\u00e4ndige Beh\u00f6rden kommen.<\/p>\n<p>Die Website enth\u00e4lt Links zu Websites, die nicht Eigentum des Verantwortlichen sind. Der Betreiber ist nicht f\u00fcr die Datenschutzrichtlinien dieser Websites verantwortlich. Wir empfehlen Ihnen daher, proaktiv zu sein und sich mit den Datenschutzrichtlinien der Websites vertraut zu machen, auf die Sie verwiesen werden.<\/p>\n<h2 style=\"text-align: center\">VERWENDUNG VON COOKIES<\/h2>\n<p>Die Website verwendet \u201eCookies\u201c \u2013 kleine Textdateien, die im Browser Ihres Ger\u00e4ts (z. B. Computer, Mobiltelefon, Tablet) gespeichert werden, wenn Sie auf der Website surfen.<\/p>\n<p><strong>Die auf der Website verwendeten Cookies sind notwendig, damit wir:<\/strong><\/p>\n<ul>\n<li><strong>Notwendige Cookies<\/strong>: Spracheinstellung, um das ordnungsgem\u00e4\u00dfe Funktionieren der Website sicherzustellen;<\/li>\n<li>Gew\u00e4hrleistung einer optimalen Website-Geschwindigkeit und -Sicherheit;<\/li>\n<li>um den Datenverkehr der Website und ihrer einzelnen Seiten und Teile herauszufinden, den Website-Besucherverkehr zu analysieren (Datum und Uhrzeit des Besuchs, verwendete Browser, Ger\u00e4tetypen und deren Bildschirmgr\u00f6\u00dfen) und so die Website st\u00e4ndig zu verbessern, um Ihren Bed\u00fcrfnissen besser gerecht zu werden;<\/li>\n<li>Bereitstellung statistischer (nicht identifizierender Besucher-)Informationen \u00fcber Website-Besucher an Dritte (Google usw.).<\/li>\n<\/ul>\n<p>Die Website verwendet Plugins von Drittanbietern: <a href=\"https:\/\/www.youtube.com\/howyoutubeworks\/our-commitments\/protecting-user-data\/\">YouTube<\/a>, die ebenfalls Cookies installiert haben. Informationen zu den Funktionen der von Drittanbietern verwendeten Cookies und den von ihnen erfassten personenbezogenen Daten finden Sie in den Datenschutz-\/Cookie-Richtlinien dieser Drittanbieter.<\/p>\n<p>Welche konkreten Cookies beim Besuch einer Website gespeichert wurden, k\u00f6nnen Sie in den Einstellungen Ihres Browsers \u00fcberpr\u00fcfen.<\/p>\n<p>Sie k\u00f6nnen Cookies einschr\u00e4nken oder blockieren, indem Sie die Einstellungen Ihres Internetbrowsers verwalten. Wenn Sie nicht m\u00f6chten, dass Websites \u00fcberhaupt Cookies auf Ihrem Ger\u00e4t platzieren, passen Sie die Einstellungen Ihres Webbrowsers so an, dass Sie benachrichtigt werden, bevor Cookies platziert werden, oder dass Ihr Webbrowser alle Cookies ablehnt. Sie m\u00fcssen die Einstellungen f\u00fcr jeden Webbrowser auf jedem Ger\u00e4t separat anpassen.<\/p>\n<p>Wenn Sie die Verwendung von Cookies verbieten oder deren Verwendung einschr\u00e4nken, kann es sein, dass Sie die gew\u00fcnschten Dienste nicht erhalten oder die Funktionalit\u00e4ten der Website nicht nutzen k\u00f6nnen.<\/p>\n<p>Ausf\u00fchrlichere Informationen zu Cookies, deren Funktionsweise und Einstellungen finden Sie auf der Website <a href=\"http:\/\/www.allaboutcookies.org\">http:\/\/www.allaboutcookies.org<\/a>.<\/p>\n","protected":false},"excerpt":{"rendered":"<p>ALLGEMEINE INFORMATIONEN Diese Datenschutzrichtlinie definiert \u00d6ffentliche &#8211; Ieva &#8211; Simonaityte &#8211; Kreisbibliothek &#8211; Klaip\u0117da, den Code der juristischen Person 90758095, die eingetragene Firmenadresse Herkaus Manto str. 25, Klaip\u0117da, Litauen, die E-Mail-Adresse biblioteka@klavb.lt (im Folgenden \u201eDatenverantwortlicher\u201c oder \u201eManager\u201c) und die Website https:\/\/krastogidas.lt\/ Besucher und die Bedingungen f\u00fcr die Verarbeitung personenbezogener Daten anderer betroffener Personen, das Verfahren&hellip; <a class=\"more-link\" href=\"https:\/\/wp.krastogidas.lt\/de\/datenschutzrichtlinie\/\"><span class=\"screen-reader-text\">Datenschutzrichtlinie<\/span> weiterlesen<\/a><\/p>\n","protected":false},"author":1,"featured_media":0,"parent":0,"menu_order":0,"comment_status":"closed","ping_status":"open","template":"","meta":{"footnotes":""},"class_list":["post-1349","page","type-page","status-publish","hentry","entry"],"acf":[],"_links":{"self":[{"href":"https:\/\/wp.krastogidas.lt\/de\/wp-json\/wp\/v2\/pages\/1349","targetHints":{"allow":["GET"]}}],"collection":[{"href":"https:\/\/wp.krastogidas.lt\/de\/wp-json\/wp\/v2\/pages"}],"about":[{"href":"https:\/\/wp.krastogidas.lt\/de\/wp-json\/wp\/v2\/types\/page"}],"author":[{"embeddable":true,"href":"https:\/\/wp.krastogidas.lt\/de\/wp-json\/wp\/v2\/users\/1"}],"replies":[{"embeddable":true,"href":"https:\/\/wp.krastogidas.lt\/de\/wp-json\/wp\/v2\/comments?post=1349"}],"version-history":[{"count":9,"href":"https:\/\/wp.krastogidas.lt\/de\/wp-json\/wp\/v2\/pages\/1349\/revisions"}],"predecessor-version":[{"id":22390,"href":"https:\/\/wp.krastogidas.lt\/de\/wp-json\/wp\/v2\/pages\/1349\/revisions\/22390"}],"wp:attachment":[{"href":"https:\/\/wp.krastogidas.lt\/de\/wp-json\/wp\/v2\/media?parent=1349"}],"curies":[{"name":"wp","href":"https:\/\/api.w.org\/{rel}","templated":true}]}}